{"id":57,"date":"2020-01-27T03:18:55","date_gmt":"2020-01-27T02:18:55","guid":{"rendered":"https:\/\/divesterram.fr\/?page_id=57"},"modified":"2024-05-22T13:32:51","modified_gmt":"2024-05-22T11:32:51","slug":"contacts","status":"publish","type":"page","link":"https:\/\/divesterram.fr\/index.php\/contacts\/","title":{"rendered":"Contact"},"content":{"rendered":"\n<h1 class=\"wp-block-heading\">Cometto Emmanuel<\/h1>\n\n\n\n<h2 class=\"wp-block-heading\">Divesterram<\/h2>\n\n\n\n<p> Emmanuel Cometto<\/p>\n\n\n\n<p>4 Place des Palabres<\/p>\n\n\n\n<p>34800 Mour\u00e8ze, France.<\/p>\n\n\n\n<p>Tel atelier \/ bureau : 06 38 02 44 25<\/p>\n\n\n\n<p>Courriel: emmanuel.cometto@laposte.net<\/p>\n\n\n\n<p>Site internet: www.divesterram.fr<\/p>\n\n\n\n<p>Adresse de l&rsquo;atelier: Voir \u00ab\u00a0atelier divesterram sur internet:<\/p>\n\n\n\n<p>Rue du pont de Miusse, Zone Emile Carles, 34230, Saint Pargoire.<\/p>\n\n\n\n<figure class=\"wp-block-gallery has-nested-images columns-default is-cropped wp-block-gallery-1 is-layout-flex wp-block-gallery-is-layout-flex\">\n<figure class=\"wp-block-image size-large is-style-rounded\"><a href=\"https:\/\/divesterram.fr\/wp-content\/uploads\/2023\/09\/mini-compo-classe-4-scaled.jpg\"><img loading=\"lazy\" decoding=\"async\" width=\"1024\" height=\"1006\" data-id=\"348302\" src=\"https:\/\/divesterram.fr\/wp-content\/uploads\/2023\/09\/mini-compo-classe-4-1024x1006.jpg\" alt=\"\" class=\"wp-image-348302\" srcset=\"https:\/\/divesterram.fr\/wp-content\/uploads\/2023\/09\/mini-compo-classe-4-1024x1006.jpg 1024w, https:\/\/divesterram.fr\/wp-content\/uploads\/2023\/09\/mini-compo-classe-4-300x295.jpg 300w, https:\/\/divesterram.fr\/wp-content\/uploads\/2023\/09\/mini-compo-classe-4-768x755.jpg 768w, https:\/\/divesterram.fr\/wp-content\/uploads\/2023\/09\/mini-compo-classe-4-1536x1510.jpg 1536w, https:\/\/divesterram.fr\/wp-content\/uploads\/2023\/09\/mini-compo-classe-4-2048x2013.jpg 2048w, https:\/\/divesterram.fr\/wp-content\/uploads\/2023\/09\/mini-compo-classe-4-1200x1179.jpg 1200w\" sizes=\"auto, (max-width: 709px) 85vw, (max-width: 909px) 67vw, (max-width: 1362px) 62vw, 840px\" \/><\/a><\/figure>\n<\/figure>\n\n\n\n<h2 class=\"wp-block-heading\">Nous sommes fiers de pouvoir vous \u00e9quiper!<\/h2>\n\n\n\n<p><a href=\"https:\/\/www.cc-millaugrandscausses.fr\">https:\/\/www.cc-millaugrandscausses.fr<\/a><\/p>\n\n\n\n<p><a href=\"https:\/\/www.facebook.com\/rotarymenton\/\" target=\"_blank\" rel=\"noopener\" title=\"https:\/\/www.facebook.com\/rotarymenton\/\">https:\/\/www.facebook.com\/rotarymenton<\/a><\/p>\n\n\n\n<p><a href=\"https:\/\/agglobeziers.fr\/\" target=\"_blank\" rel=\"noopener\" title=\"https:\/\/agglobeziers.fr\/\">https:\/\/agglobeziers.fr\/<\/a><\/p>\n\n\n\n<p><a href=\"https:\/\/cc-hauteariege.fr\/\" target=\"_blank\" rel=\"noopener\" title=\"https:\/\/cc-hauteariege.fr\/\">https:\/\/cc-hauteariege.fr\/<\/a><\/p>\n\n\n\n<p><br><a href=\"https:\/\/www.cc-sud-herault.fr\" target=\"_blank\" rel=\"noopener\" title=\"https:\/\/www.cc-sud-herault.fr\/\">https:\/\/www.cc-sud-herault.fr<\/a><\/p>\n\n\n\n<p><a aria-label=\"L\u2019association Terre en partage de Lod\u00e8ve (34) (s\u2019ouvre dans un nouvel onglet)\" href=\"https:\/\/terre-en-partage.org\/\" target=\"_blank\" rel=\"noreferrer noopener\">L\u2019association Terre en partage de Lod\u00e8ve (34)<\/a><\/p>\n\n\n\n<p><a aria-label=\"Le Syndicat Centre H\u00e9rault \u00e0 Aspiran (34) (s\u2019ouvre dans un nouvel onglet)\" href=\"http:\/\/www.syndicat-centre-herault.org\/\" target=\"_blank\" rel=\"noreferrer noopener\">Le Syndicat Centre H\u00e9rault \u00e0 Aspiran (34)<\/a><\/p>\n\n\n\n<p><a href=\"http:\/\/www.sictom-pezenas-agde.fr\/\" target=\"_blank\" rel=\"noreferrer noopener\" aria-label=\"Le SICTOM de P\u00e9zenas-Agde (34) (s\u2019ouvre dans un nouvel onglet)\">Le SICTOM de P\u00e9zenas-Agde (34)<\/a><\/p>\n\n\n\n<p><a aria-label=\"Les \u00e9tablissement Av\u00e8ne \u00e0 Av\u00e8ne (34) (s\u2019ouvre dans un nouvel onglet)\" href=\"https:\/\/www.eauthermaleavene-lhotel.com\/\" target=\"_blank\" rel=\"noreferrer noopener\">Eau thermale Av\u00e8ne l&rsquo;h\u00f4tel****(34)<\/a><\/p>\n\n\n\n<p><a href=\"https:\/\/www.facebook.com\/Restaurant-Mas-des-Moulins-108970030507920\/?eid=ARDQLjxKku8QbQAIA2BG8UwSBvbeW8SW8OmzyLWZ36SQieM9wrFjA-NkySxNvrt5zqsp__ityyI-XQao\" target=\"_blank\" rel=\"noreferrer noopener\" aria-label=\"L\u2019association Mas des Moulins \u00e0 Montpellier (34) (s\u2019ouvre dans un nouvel onglet)\">L\u2019association Mas des Moulins \u00e0 Montpellier (34)<\/a><\/p>\n\n\n\n<p><a href=\"https:\/\/annuaire.action-sociale.org\/?p=ehpad-maison-de-retraite-du-romarin-340781483&amp;details=caracteristiques\" target=\"_blank\" rel=\"noreferrer noopener\" aria-label=\"L\u2019Ehpad Les Romarins \u00e0 Clapier (34) (s\u2019ouvre dans un nouvel onglet)\">L\u2019Ehpad Les Romarins \u00e0 Clapier (34)<\/a><\/p>\n\n\n\n<p><a href=\"https:\/\/lacagette-coop.fr\/?PagePrincipale\" target=\"_blank\" rel=\"noreferrer noopener\" title=\"La Cagette de Montpellier\">La Cagette de Montpellier<\/a><\/p>\n\n\n\n<p><a href=\"https:\/\/camping-latama.com\/?gclid=CjwKCAjw9LSSBhBsEiwAKtf0n1vJdDdgh4J6bXr8l5axwwRnldhdD4JPOru5HEHutXOH0dc2xYlWlhoCXKoQAvD_BwE\" target=\"_blank\" rel=\"noreferrer noopener\" title=\"Cottages Parks La Tama\">Cottages Parks La Tama<\/a><\/p>\n\n\n\n<p><a href=\"https:\/\/www.paysdelunel.fr\/\" title=\"Com com Pays de Lunel\" target=\"_blank\" rel=\"noreferrer noopener\">Com. com. Pays de Lunel<\/a><\/p>\n\n\n\n<p><a href=\"https:\/\/grandpicsaintloup.fr\/\" title=\"Com com du Grand Pic St Loup\" target=\"_blank\" rel=\"noreferrer noopener\">Com. com. du Grand Pic St Loup<\/a><\/p>\n\n\n\n<p><a href=\"http:\/\/www.terredecamargue.fr\/\" title=\"Com com Terre de Camargue\" target=\"_blank\" rel=\"noreferrer noopener\">Com. com. Terre de Camargue<\/a><\/p>\n\n\n\n<p><a href=\"https:\/\/www.serjac.com\/fr\/hotel-spa-luxe-beziers-pezenas\" target=\"_blank\" rel=\"noreferrer noopener\" title=\"Ch\u00e2teau St Pierre de Serjac\">Ch\u00e2teau St Pierre de Serjac<\/a><\/p>\n\n\n\n<h2 class=\"wp-block-heading\">Nous sommes partenaires avec:<\/h2>\n\n\n\n<p><a href=\"https:\/\/occitanie.reseaucompost.fr\/\" target=\"_blank\" rel=\"noreferrer noopener\" title=\"https:\/\/occitanie.reseaucompost.fr\/\">Le R\u00e9seau Compost Citoyen Occitanie<\/a><\/p>\n\n\n\n<p><a href=\"https:\/\/reseaucompost.org\/\" target=\"_blank\" rel=\"noreferrer noopener\" title=\"https:\/\/reseaucompost.org\/\">Le R\u00e9seau Compost Citoyen National<\/a><\/p>\n\n\n\n<p><a href=\"https:\/\/ardam.org\/\" target=\"_blank\" rel=\"noreferrer noopener\" title=\"L'ARDAM\">L&rsquo;ARDAM<\/a><\/p>\n\n\n\n<p><a aria-label=\"Le CERER, d\u00e9partement des \u00e9nergies renouvelables de l\u2019Universit\u00e9 de Dakar (S\u00e9n\u00e9gal) (s\u2019ouvre dans un nouvel onglet)\" rel=\"noreferrer noopener\" href=\"http:\/\/cerer.ucad.sn\/\" target=\"_blank\">Le CERER, d\u00e9partement des \u00e9nergies renouvelables de l\u2019Universit\u00e9 de Dakar (S\u00e9n\u00e9gal)<\/a><\/p>\n\n\n\n<figure class=\"wp-block-gallery has-nested-images columns-default is-cropped wp-block-gallery-2 is-layout-flex wp-block-gallery-is-layout-flex\">\n<figure class=\"wp-block-image size-large is-style-rounded\"><a href=\"https:\/\/divesterram.fr\/wp-content\/uploads\/2024\/05\/IMG_2048-scaled.jpg\"><img loading=\"lazy\" decoding=\"async\" width=\"683\" height=\"1024\" data-id=\"525955\" src=\"https:\/\/divesterram.fr\/wp-content\/uploads\/2024\/05\/IMG_2048-683x1024.jpg\" alt=\"\" class=\"wp-image-525955\" srcset=\"https:\/\/divesterram.fr\/wp-content\/uploads\/2024\/05\/IMG_2048-683x1024.jpg 683w, https:\/\/divesterram.fr\/wp-content\/uploads\/2024\/05\/IMG_2048-200x300.jpg 200w, https:\/\/divesterram.fr\/wp-content\/uploads\/2024\/05\/IMG_2048-768x1152.jpg 768w, https:\/\/divesterram.fr\/wp-content\/uploads\/2024\/05\/IMG_2048-1024x1536.jpg 1024w, https:\/\/divesterram.fr\/wp-content\/uploads\/2024\/05\/IMG_2048-1365x2048.jpg 1365w, https:\/\/divesterram.fr\/wp-content\/uploads\/2024\/05\/IMG_2048-1200x1800.jpg 1200w, https:\/\/divesterram.fr\/wp-content\/uploads\/2024\/05\/IMG_2048-scaled.jpg 1707w\" sizes=\"auto, (max-width: 683px) 85vw, 683px\" \/><\/a><\/figure>\n<\/figure>\n","protected":false},"excerpt":{"rendered":"<p>Cometto Emmanuel Divesterram Emmanuel Cometto 4 Place des Palabres 34800 Mour\u00e8ze, France. Tel atelier \/ bureau : 06 38 02 44 25 Courriel: emmanuel.cometto@laposte.net Site internet: www.divesterram.fr Adresse de l&rsquo;atelier: Voir \u00ab\u00a0atelier divesterram sur internet: Rue du pont de Miusse, Zone Emile Carles, 34230, Saint Pargoire. Nous sommes fiers de pouvoir vous \u00e9quiper! https:\/\/www.cc-millaugrandscausses.fr https:\/\/www.facebook.com\/rotarymenton &hellip; <a href=\"https:\/\/divesterram.fr\/index.php\/contacts\/\" class=\"more-link\">Continuer la lecture<span class=\"screen-reader-text\"> de &laquo;&nbsp;Contact&nbsp;&raquo;<\/span><\/a><\/p>\n","protected":false},"author":1,"featured_media":0,"parent":0,"menu_order":0,"comment_status":"closed","ping_status":"closed","template":"","meta":{"om_disable_all_campaigns":false,"_monsterinsights_skip_tracking":false,"_monsterinsights_sitenote_active":false,"_monsterinsights_sitenote_note":"","_monsterinsights_sitenote_category":0,"footnotes":""},"class_list":["post-57","page","type-page","status-publish","hentry"],"aioseo_notices":[],"_links":{"self":[{"href":"https:\/\/divesterram.fr\/index.php\/wp-json\/wp\/v2\/pages\/57","targetHints":{"allow":["GET"]}}],"collection":[{"href":"https:\/\/divesterram.fr\/index.php\/wp-json\/wp\/v2\/pages"}],"about":[{"href":"https:\/\/divesterram.fr\/index.php\/wp-json\/wp\/v2\/types\/page"}],"author":[{"embeddable":true,"href":"https:\/\/divesterram.fr\/index.php\/wp-json\/wp\/v2\/users\/1"}],"replies":[{"embeddable":true,"href":"https:\/\/divesterram.fr\/index.php\/wp-json\/wp\/v2\/comments?post=57"}],"version-history":[{"count":20,"href":"https:\/\/divesterram.fr\/index.php\/wp-json\/wp\/v2\/pages\/57\/revisions"}],"predecessor-version":[{"id":525985,"href":"https:\/\/divesterram.fr\/index.php\/wp-json\/wp\/v2\/pages\/57\/revisions\/525985"}],"wp:attachment":[{"href":"https:\/\/divesterram.fr\/index.php\/wp-json\/wp\/v2\/media?parent=57"}],"curies":[{"name":"wp","href":"https:\/\/api.w.org\/{rel}","templated":true}]}}